{"id":84,"date":"2025-06-27T14:34:44","date_gmt":"2025-06-27T12:34:44","guid":{"rendered":"http:\/\/192.168.178.168\/?page_id=84"},"modified":"2025-08-29T09:22:07","modified_gmt":"2025-08-29T07:22:07","slug":"ueber-mich","status":"publish","type":"page","link":"https:\/\/lunasnowdrop.de\/index.php\/ueber-mich\/","title":{"rendered":"\u00dcber mich"},"content":{"rendered":"\n<div class=\"wp-block-group alignfull has-ti-bg-background-color has-background is-layout-flow wp-block-group-is-layout-flow\" style=\"padding-top:6vw;padding-right:6vw;padding-bottom:6vw;padding-left:6vw\">\n<div style=\"height:1vw\" aria-hidden=\"true\" class=\"wp-block-spacer\"><\/div>\n\n\n\n<div class=\"wp-block-group alignwide is-vertical is-nowrap is-layout-flex wp-container-core-group-is-layout-7946b6b8 wp-block-group-is-layout-flex\" style=\"padding-top:0;padding-right:0;padding-bottom:0;padding-left:0\">\n<div class=\"wp-block-columns alignwide is-layout-flex wp-container-core-columns-is-layout-21b20327 wp-block-columns-is-layout-flex\">\n<div class=\"wp-block-column is-layout-flow wp-block-column-is-layout-flow\" style=\"flex-basis:33.38%\">\n<pre class=\"wp-block-verse has-text-align-right\">Ich bin Alina \u2013 oder Luna, wenn ich kreiere. Ich lebe in einem kleinen Zuhause voller Licht, Ruhe und Magie. Umgeben von Kr\u00e4utern, Stoffen, Farben und meiner Katze, die ich aus dem Tierschutz aufgenommen habe und die mich mit ihrer stillen Pr\u00e4senz durch den Alltag begleitet. Hier entstehen Dinge, die langsam wachsen d\u00fcrfen. Ich arbeite intuitiv, mit meinen H\u00e4nden, getragen von dem Wunsch, etwas Echtes zu erschaffen etwas, das ber\u00fchrt, ohne laut zu sein.<\/pre>\n<\/div>\n\n\n\n<div class=\"wp-block-column is-layout-flow wp-block-column-is-layout-flow\" style=\"flex-basis:33%\">\n<div style=\"height:2vw\" aria-hidden=\"true\" class=\"wp-block-spacer\"><\/div>\n\n\n\n<pre class=\"wp-block-verse\"><\/pre>\n<\/div>\n\n\n\n<div class=\"wp-block-column is-layout-flow wp-block-column-is-layout-flow\" style=\"flex-basis:33.62%\">\n<figure class=\"wp-block-image size-large\"><img loading=\"lazy\" decoding=\"async\" width=\"682\" height=\"1024\" src=\"https:\/\/lunasnowdrop.de\/wp-content\/uploads\/2025\/06\/Design-ohne-Titel-3-682x1024.jpg\" alt=\"\" class=\"wp-image-95\" srcset=\"https:\/\/lunasnowdrop.de\/wp-content\/uploads\/2025\/06\/Design-ohne-Titel-3-682x1024.jpg 682w, https:\/\/lunasnowdrop.de\/wp-content\/uploads\/2025\/06\/Design-ohne-Titel-3-200x300.jpg 200w, https:\/\/lunasnowdrop.de\/wp-content\/uploads\/2025\/06\/Design-ohne-Titel-3-768x1152.jpg 768w, https:\/\/lunasnowdrop.de\/wp-content\/uploads\/2025\/06\/Design-ohne-Titel-3-600x900.jpg 600w, https:\/\/lunasnowdrop.de\/wp-content\/uploads\/2025\/06\/Design-ohne-Titel-3.jpg 853w\" sizes=\"auto, (max-width: 682px) 100vw, 682px\" \/><\/figure>\n<\/div>\n<\/div>\n\n\n\n<div class=\"wp-block-columns alignwide is-layout-flex wp-container-core-columns-is-layout-c24efe4f wp-block-columns-is-layout-flex\">\n<div class=\"wp-block-column is-layout-flow wp-block-column-is-layout-flow\" style=\"flex-basis:69%\">\n<figure class=\"wp-block-image alignright size-large\"><img loading=\"lazy\" decoding=\"async\" width=\"1024\" height=\"683\" src=\"https:\/\/lunasnowdrop.de\/wp-content\/uploads\/2025\/07\/Design-ohne-Titel-5-1024x683.jpg\" alt=\"\" class=\"wp-image-99\" srcset=\"https:\/\/lunasnowdrop.de\/wp-content\/uploads\/2025\/07\/Design-ohne-Titel-5-1024x683.jpg 1024w, https:\/\/lunasnowdrop.de\/wp-content\/uploads\/2025\/07\/Design-ohne-Titel-5-300x200.jpg 300w, https:\/\/lunasnowdrop.de\/wp-content\/uploads\/2025\/07\/Design-ohne-Titel-5-768x512.jpg 768w, https:\/\/lunasnowdrop.de\/wp-content\/uploads\/2025\/07\/Design-ohne-Titel-5-600x400.jpg 600w, https:\/\/lunasnowdrop.de\/wp-content\/uploads\/2025\/07\/Design-ohne-Titel-5.jpg 1125w\" sizes=\"auto, (max-width: 1024px) 100vw, 1024px\" \/><\/figure>\n<\/div>\n\n\n\n<div class=\"wp-block-column is-vertically-aligned-center is-layout-flow wp-block-column-is-layout-flow\" style=\"flex-basis:33%\">\n<pre class=\"wp-block-verse\">Mein Weg war nie geradlinig und genau das macht ihn besonders. Ich habe viele Formen des Gestaltens durchlebt: Als Tischlerin, Architekturstudentin, G\u00e4rtnerin. Immer war da der Wunsch, mich durch Materie auszudr\u00fccken, durch Raum, Natur und Handwerk. Doch erst, als ich begonnen habe, mich nicht mehr festzulegen, sondern all diese Anteile zu verweben, wurde es rund. Jetzt darf alles da sein: Das Spielerische, das Stille, das Feine, das Wilde.<\/pre>\n<\/div>\n<\/div>\n<\/div>\n<\/div>\n\n\n\n<div class=\"wp-block-group alignfull has-ti-bg-inv-background-color has-background is-layout-flow wp-block-group-is-layout-flow\" style=\"padding-top:6vw;padding-right:6vw;padding-bottom:6vw;padding-left:6vw\">\n<div style=\"height:1vw\" aria-hidden=\"true\" class=\"wp-block-spacer\"><\/div>\n\n\n\n<div class=\"wp-block-group alignwide is-vertical is-nowrap is-layout-flex wp-container-core-group-is-layout-7946b6b8 wp-block-group-is-layout-flex\" style=\"padding-top:0;padding-right:0;padding-bottom:0;padding-left:0\">\n<div class=\"wp-block-columns alignwide is-layout-flex wp-container-core-columns-is-layout-21b20327 wp-block-columns-is-layout-flex\">\n<div class=\"wp-block-column is-layout-flow wp-block-column-is-layout-flow\" style=\"flex-basis:33.38%\">\n<p><\/p>\n\n\n\n<p class=\"has-text-align-right has-text-color\" style=\"color:#000000;font-size:clamp(14px, 0.875rem + ((1vw - 3.2px) * 0.366), 17px);\">Ich liebe es, Kerzen zu gie\u00dfen, Stoffe zu verarbeiten, kleine Zauberst\u00fccke zu fertigen nicht um Dinge zu machen, sondern um R\u00e4ume zu \u00f6ffnen. R\u00e4ume, in denen du dich selbst sp\u00fcren darfst. Ich glaube daran, dass wir uns in kleinen Ritualen erinnern k\u00f6nnen, wer wir wirklich sind. Ein Duft. Ein Licht. Ein Talisman auf dem Nachttisch. Ich glaube an Sch\u00f6nheit, die Sinn hat. An Kunst, die nicht erkl\u00e4rt werden muss.<\/p>\n<\/div>\n\n\n\n<div class=\"wp-block-column is-layout-flow wp-block-column-is-layout-flow\" style=\"flex-basis:33%\">\n<div style=\"height:2vw\" aria-hidden=\"true\" class=\"wp-block-spacer\"><\/div>\n\n\n\n<figure class=\"wp-block-image size-large\"><img loading=\"lazy\" decoding=\"async\" width=\"682\" height=\"1024\" src=\"https:\/\/lunasnowdrop.de\/wp-content\/uploads\/2025\/07\/Design-ohne-Titel-682x1024.png\" alt=\"\" class=\"wp-image-103\" srcset=\"https:\/\/lunasnowdrop.de\/wp-content\/uploads\/2025\/07\/Design-ohne-Titel-682x1024.png 682w, https:\/\/lunasnowdrop.de\/wp-content\/uploads\/2025\/07\/Design-ohne-Titel-200x300.png 200w, https:\/\/lunasnowdrop.de\/wp-content\/uploads\/2025\/07\/Design-ohne-Titel-768x1152.png 768w, https:\/\/lunasnowdrop.de\/wp-content\/uploads\/2025\/07\/Design-ohne-Titel-600x900.png 600w, https:\/\/lunasnowdrop.de\/wp-content\/uploads\/2025\/07\/Design-ohne-Titel.png 853w\" sizes=\"auto, (max-width: 682px) 100vw, 682px\" \/><\/figure>\n<\/div>\n\n\n\n<div class=\"wp-block-column is-layout-flow wp-block-column-is-layout-flow\" style=\"flex-basis:33.62%\">\n<figure class=\"wp-block-image size-large\"><img loading=\"lazy\" decoding=\"async\" width=\"682\" height=\"1024\" src=\"https:\/\/lunasnowdrop.de\/wp-content\/uploads\/2025\/06\/Design-ohne-Titel-4-682x1024.jpg\" alt=\"\" class=\"wp-image-96\" srcset=\"https:\/\/lunasnowdrop.de\/wp-content\/uploads\/2025\/06\/Design-ohne-Titel-4-682x1024.jpg 682w, https:\/\/lunasnowdrop.de\/wp-content\/uploads\/2025\/06\/Design-ohne-Titel-4-200x300.jpg 200w, https:\/\/lunasnowdrop.de\/wp-content\/uploads\/2025\/06\/Design-ohne-Titel-4-768x1152.jpg 768w, https:\/\/lunasnowdrop.de\/wp-content\/uploads\/2025\/06\/Design-ohne-Titel-4-600x900.jpg 600w, https:\/\/lunasnowdrop.de\/wp-content\/uploads\/2025\/06\/Design-ohne-Titel-4.jpg 853w\" sizes=\"auto, (max-width: 682px) 100vw, 682px\" \/><\/figure>\n<\/div>\n<\/div>\n\n\n\n<div class=\"wp-block-columns alignwide is-layout-flex wp-container-core-columns-is-layout-c24efe4f wp-block-columns-is-layout-flex\">\n<div class=\"wp-block-column is-layout-flow wp-block-column-is-layout-flow\" style=\"flex-basis:69%\">\n<figure class=\"wp-block-image size-large\"><img loading=\"lazy\" decoding=\"async\" width=\"1024\" height=\"683\" src=\"https:\/\/lunasnowdrop.de\/wp-content\/uploads\/2025\/07\/Design-ohne-Titel-6-1024x683.jpg\" alt=\"\" class=\"wp-image-100\" srcset=\"https:\/\/lunasnowdrop.de\/wp-content\/uploads\/2025\/07\/Design-ohne-Titel-6-1024x683.jpg 1024w, https:\/\/lunasnowdrop.de\/wp-content\/uploads\/2025\/07\/Design-ohne-Titel-6-300x200.jpg 300w, https:\/\/lunasnowdrop.de\/wp-content\/uploads\/2025\/07\/Design-ohne-Titel-6-768x512.jpg 768w, https:\/\/lunasnowdrop.de\/wp-content\/uploads\/2025\/07\/Design-ohne-Titel-6-600x400.jpg 600w, https:\/\/lunasnowdrop.de\/wp-content\/uploads\/2025\/07\/Design-ohne-Titel-6.jpg 1125w\" sizes=\"auto, (max-width: 1024px) 100vw, 1024px\" \/><\/figure>\n<\/div>\n\n\n\n<div class=\"wp-block-column is-vertically-aligned-center is-layout-flow wp-block-column-is-layout-flow\" style=\"flex-basis:33%\">\n<p class=\"has-text-color\" style=\"color:#000000;font-size:clamp(14px, 0.875rem + ((1vw - 3.2px) * 0.366), 17px);\">In Zukunft wirst du hier auch Workshops finden. Kreise, die der weiblichen Kraft gewidmet sind. R\u00e4ume f\u00fcr Erinnerung, Verbindung, Intuition. Ich sch\u00f6pfe daf\u00fcr aus meinem eigenen Weg und lasse mich von der Weisheit der Natur leiten. Vielleicht findest du hier etwas, das dich sanft ber\u00fchrt. Vielleicht suchst du gar nicht und wirst doch ein St\u00fcck heimkommen. So oder so: Du bist willkommen.<\/p>\n<\/div>\n<\/div>\n<\/div>\n<\/div>\n\n\n\n<p><\/p>\n","protected":false},"excerpt":{"rendered":"<p>Ich bin Alina \u2013 oder Luna, wenn ich kreiere. Ich lebe in einem kleinen Zuhause voller Licht, Ruhe und Magie. Umgeben von Kr\u00e4utern, Stoffen, Farben und meiner Katze, die ich aus dem Tierschutz aufgenommen habe und die mich mit ihrer stillen Pr\u00e4senz durch den Alltag begleitet. Hier entstehen Dinge, die langsam wachsen d\u00fcrfen. Ich arbeite [&hellip;]<\/p>\n","protected":false},"author":1,"featured_media":0,"parent":0,"menu_order":0,"comment_status":"closed","ping_status":"closed","template":"","meta":{"footnotes":""},"class_list":["post-84","page","type-page","status-publish","hentry"],"_links":{"self":[{"href":"https:\/\/lunasnowdrop.de\/index.php\/wp-json\/wp\/v2\/pages\/84","targetHints":{"allow":["GET"]}}],"collection":[{"href":"https:\/\/lunasnowdrop.de\/index.php\/wp-json\/wp\/v2\/pages"}],"about":[{"href":"https:\/\/lunasnowdrop.de\/index.php\/wp-json\/wp\/v2\/types\/page"}],"author":[{"embeddable":true,"href":"https:\/\/lunasnowdrop.de\/index.php\/wp-json\/wp\/v2\/users\/1"}],"replies":[{"embeddable":true,"href":"https:\/\/lunasnowdrop.de\/index.php\/wp-json\/wp\/v2\/comments?post=84"}],"version-history":[{"count":5,"href":"https:\/\/lunasnowdrop.de\/index.php\/wp-json\/wp\/v2\/pages\/84\/revisions"}],"predecessor-version":[{"id":251,"href":"https:\/\/lunasnowdrop.de\/index.php\/wp-json\/wp\/v2\/pages\/84\/revisions\/251"}],"wp:attachment":[{"href":"https:\/\/lunasnowdrop.de\/index.php\/wp-json\/wp\/v2\/media?parent=84"}],"curies":[{"name":"wp","href":"https:\/\/api.w.org\/{rel}","templated":true}]}}