{"id":180,"date":"2025-08-27T08:34:13","date_gmt":"2025-08-27T06:34:13","guid":{"rendered":"http:\/\/192.168.178.168\/?post_type=product&#038;p=180"},"modified":"2026-02-04T21:51:24","modified_gmt":"2026-02-04T20:51:24","slug":"lunaritual-morgenkraft","status":"publish","type":"product","link":"https:\/\/lunasnowdrop.de\/index.php\/produkt\/lunaritual-morgenkraft\/","title":{"rendered":"LunaRitual &#8211; Morgenkraft"},"content":{"rendered":"<div style=\"width: 3840px;\" class=\"wp-video\"><video class=\"wp-video-shortcode\" id=\"video-180-1\" width=\"3840\" height=\"2160\" preload=\"metadata\" controls=\"controls\"><source type=\"video\/mp4\" src=\"https:\/\/lunasnowdrop.de\/wp-content\/uploads\/2025\/08\/balsam_detail.mp4?_=1\" \/><a href=\"https:\/\/lunasnowdrop.de\/wp-content\/uploads\/2025\/08\/balsam_detail.mp4\">https:\/\/lunasnowdrop.de\/wp-content\/uploads\/2025\/08\/balsam_detail.mp4<\/a><\/video><\/div>\n<p>Der Morgen hat seine eigene Magie, alles ist noch frisch, die Welt ist still und voller M\u00f6glichkeiten. In dieser besonderen Zeit begleitet dich der Morgenkraft Balsam wie ein leichter Sonnenstrahl, der dich aufweckt und sanft st\u00e4rkt.<\/p>\n<p>Die fruchtige Bergamotte bringt Leichtigkeit und einen Hauch spritziger Lebensfreude.<\/p>\n<p>Pfefferminze erfrischt den Geist, kl\u00e4rt die Gedanken und schenkt dir einen klaren Kopf.<\/p>\n<p>Latschenkiefer erinnert an einen tiefen Atemzug im Wald \u2013 kr\u00e4ftig, erdend und voller Naturenergie.<\/p>\n<p>Ob direkt nach dem Aufstehen, unterwegs oder wenn du dich m\u00fcde und schwer f\u00fchlst \u2013 dieser Balsam schenkt dir immer wieder den Impuls, dich neu auszurichten. Er erinnert dich daran, dass jeder Tag ein Neubeginn ist, voller Kraft, Licht und eigener M\u00f6glichkeiten.<\/p>\n<p><strong data-start=\"1126\" data-end=\"1156\">Anwendung als Mini-Ritual:<\/strong><\/p>\n<p>Trage eine kleine Menge Balsam auf Schl\u00e4fen oder Handgelenke auf. Schlie\u00dfe f\u00fcr einen Moment die Augen, atme den frischen Duft bewusst ein und sp\u00fcre, wie Klarheit und Energie in dich flie\u00dfen. Nimm dir einen Augenblick, bevor du weitergehst, so beginnst du den Tag in Balance und St\u00e4rke.<\/p>\n<div style=\"width: 3840px;\" class=\"wp-video\"><video class=\"wp-video-shortcode\" id=\"video-180-2\" width=\"3840\" height=\"2160\" preload=\"metadata\" controls=\"controls\"><source type=\"video\/mp4\" src=\"https:\/\/lunasnowdrop.de\/wp-content\/uploads\/2025\/08\/balsam_anwendung.mp4?_=2\" \/><a href=\"https:\/\/lunasnowdrop.de\/wp-content\/uploads\/2025\/08\/balsam_anwendung.mp4\">https:\/\/lunasnowdrop.de\/wp-content\/uploads\/2025\/08\/balsam_anwendung.mp4<\/a><\/video><\/div>\n<p><strong>Inhaltsstoffe:<\/strong><\/p>\n<p>Sheabutter, Jojoba\u00f6l, \u00c4therische \u00d6le (Bergamotte, Pfefferminze, Latschenkiefer)<\/p>\n","protected":false},"excerpt":{"rendered":"<p>Erfrischender Balsam mit Bergamotte, Pfefferminze und Latschenkiefer, f\u00fcr Klarheit und Kraft im Alltag.<\/p>\n","protected":false},"featured_media":210,"comment_status":"open","ping_status":"closed","template":"","meta":[],"product_brand":[],"product_cat":[27],"product_tag":[],"class_list":{"0":"post-180","1":"product","2":"type-product","3":"status-publish","4":"has-post-thumbnail","6":"product_cat-lunaritual","7":"product_shipping_class-paket-s","9":"first","10":"instock","11":"shipping-taxable","12":"purchasable","13":"product-type-simple"},"_links":{"self":[{"href":"https:\/\/lunasnowdrop.de\/index.php\/wp-json\/wp\/v2\/product\/180","targetHints":{"allow":["GET"]}}],"collection":[{"href":"https:\/\/lunasnowdrop.de\/index.php\/wp-json\/wp\/v2\/product"}],"about":[{"href":"https:\/\/lunasnowdrop.de\/index.php\/wp-json\/wp\/v2\/types\/product"}],"replies":[{"embeddable":true,"href":"https:\/\/lunasnowdrop.de\/index.php\/wp-json\/wp\/v2\/comments?post=180"}],"wp:featuredmedia":[{"embeddable":true,"href":"https:\/\/lunasnowdrop.de\/index.php\/wp-json\/wp\/v2\/media\/210"}],"wp:attachment":[{"href":"https:\/\/lunasnowdrop.de\/index.php\/wp-json\/wp\/v2\/media?parent=180"}],"wp:term":[{"taxonomy":"product_brand","embeddable":true,"href":"https:\/\/lunasnowdrop.de\/index.php\/wp-json\/wp\/v2\/product_brand?post=180"},{"taxonomy":"product_cat","embeddable":true,"href":"https:\/\/lunasnowdrop.de\/index.php\/wp-json\/wp\/v2\/product_cat?post=180"},{"taxonomy":"product_tag","embeddable":true,"href":"https:\/\/lunasnowdrop.de\/index.php\/wp-json\/wp\/v2\/product_tag?post=180"}],"curies":[{"name":"wp","href":"https:\/\/api.w.org\/{rel}","templated":true}]}}