{"id":201,"date":"2025-08-27T11:44:31","date_gmt":"2025-08-27T09:44:31","guid":{"rendered":"https:\/\/lunasnowdrop.de\/?post_type=product&#038;p=201"},"modified":"2026-02-04T21:50:41","modified_gmt":"2026-02-04T20:50:41","slug":"lunaritual-set","status":"publish","type":"product","link":"https:\/\/lunasnowdrop.de\/index.php\/produkt\/lunaritual-set\/","title":{"rendered":"LunaRitual &#8211; Set"},"content":{"rendered":"<p data-start=\"4213\" data-end=\"4397\">Manchmal sind es die kleinen Rituale, die den Tag besonders machen. Mit dem Ritual-Set <em data-start=\"4300\" data-end=\"4321\">Kraft \u2013 Herz \u2013 Ruhe<\/em> hast du drei duftende Begleiter, die dich durch deinen Tageskreis f\u00fchren:<\/p>\n<ul data-start=\"4399\" data-end=\"4677\">\n<li data-start=\"4399\" data-end=\"4494\">\n<p data-start=\"4401\" data-end=\"4494\"><strong data-start=\"4401\" data-end=\"4416\">Morgenkraft<\/strong> \u2013 erfrischt, kl\u00e4rt den Geist und schenkt Energie f\u00fcr einen bewussten Start.<\/p>\n<\/li>\n<li data-start=\"4495\" data-end=\"4587\">\n<p data-start=\"4497\" data-end=\"4587\"><strong data-start=\"4497\" data-end=\"4510\">Herzpause<\/strong> \u2013 \u00f6ffnet Raum f\u00fcr W\u00e4rme, innere Ruhe und liebevolle Momente zwischendurch.<\/p>\n<\/li>\n<li data-start=\"4588\" data-end=\"4677\">\n<p data-start=\"4590\" data-end=\"4677\"><strong data-start=\"4590\" data-end=\"4603\">Abendruhe<\/strong> \u2013 begleitet dich in die Stille des Abends und schenkt dir Geborgenheit.<\/p>\n<\/li>\n<\/ul>\n<p data-start=\"4679\" data-end=\"5090\">Gemeinsam bilden sie einen harmonischen Dreiklang, ein leichtes Morgenritual, eine Pause im Herzen des Tages und ein sanftes Loslassen am Abend.<br data-start=\"4824\" data-end=\"4827\" \/>Dieses Set ist perfekt f\u00fcr dich selbst, wenn du Achtsamkeit und kleine Auszeiten in deinen Alltag integrieren m\u00f6chtest. Es eignet sich aber auch wunderbar als Geschenk, als Einladung, sich Zeit zu nehmen, zu atmen und das Leben in kleinen Momenten zu genie\u00dfen.<\/p>\n<p data-start=\"5092\" data-end=\"5124\"><strong data-start=\"5092\" data-end=\"5122\">Anwendung als Mini-Ritual:<\/strong><\/p>\n<ul data-start=\"5125\" data-end=\"5351\">\n<li data-start=\"5125\" data-end=\"5189\">\n<p data-start=\"5127\" data-end=\"5189\">Starte den Tag mit <strong data-start=\"5146\" data-end=\"5161\">Morgenkraft<\/strong> und einem klaren Atemzug.<\/p>\n<\/li>\n<li data-start=\"5190\" data-end=\"5261\">\n<p data-start=\"5192\" data-end=\"5261\">Nimm dir zwischendurch deine <strong data-start=\"5221\" data-end=\"5234\">Herzpause<\/strong>, um dich neu zu sammeln.<\/p>\n<\/li>\n<li data-start=\"5262\" data-end=\"5351\">\n<p data-start=\"5264\" data-end=\"5351\">Beende den Tag mit <strong data-start=\"5283\" data-end=\"5296\">Abendruhe<\/strong>, um loszulassen und entspannt in die Nacht zu gehen.<\/p>\n<p><div style=\"width: 1920px;\" class=\"wp-video\"><video class=\"wp-video-shortcode\" id=\"video-201-1\" width=\"1920\" height=\"1080\" preload=\"metadata\" controls=\"controls\"><source type=\"video\/mp4\" src=\"https:\/\/lunasnowdrop.de\/wp-content\/uploads\/2025\/08\/set_video1.mp4?_=1\" \/><a href=\"https:\/\/lunasnowdrop.de\/wp-content\/uploads\/2025\/08\/set_video1.mp4\">https:\/\/lunasnowdrop.de\/wp-content\/uploads\/2025\/08\/set_video1.mp4<\/a><\/video><\/div><\/li>\n<\/ul>\n<p data-start=\"4679\" data-end=\"5090\"><strong>Inhaltsstoffe:<\/strong><\/p>\n<ul data-start=\"4399\" data-end=\"4677\">\n<li data-start=\"4399\" data-end=\"4494\">\n<p data-start=\"4401\" data-end=\"4494\"><strong data-start=\"4401\" data-end=\"4416\">Morgenkraft<\/strong> \u2013 Sheabutter, Jojoba\u00f6l, \u00c4therische \u00d6le (Bergamotte, Pfefferminze, Latschenkiefer)<\/p>\n<\/li>\n<li data-start=\"4495\" data-end=\"4587\">\n<p data-start=\"4497\" data-end=\"4587\"><strong data-start=\"4497\" data-end=\"4510\">Herzpause<\/strong> \u2013\u00a0 Jojoba\u00f6l, \u00c4therische \u00d6le (Rosenholz, Jasmin, Lavendel, Ylang Ylang)<\/p>\n<\/li>\n<li data-start=\"4588\" data-end=\"4677\">\n<p data-start=\"4590\" data-end=\"4677\"><strong data-start=\"4590\" data-end=\"4603\">Abendruhe<\/strong> \u2013 Mandel\u00f6l, \u00c4therische \u00d6le (Lavendel, Vetiver, Patchouli, Zedernholz)<\/p>\n<\/li>\n<\/ul>\n<p data-start=\"4679\" data-end=\"5090\">\n","protected":false},"excerpt":{"rendered":"<p>Handgemachtes, veganes 3er-Ritual-Set: Morgenkraft, Abendruhe &amp; Herzpause. Sanft erdend, beruhigend &amp; st\u00e4rkend \u2013 f\u00fcr kleine Rituale, Selfcare und bewusste Momente im Alltag.<\/p>\n","protected":false},"featured_media":208,"comment_status":"open","ping_status":"closed","template":"","meta":[],"product_brand":[],"product_cat":[27],"product_tag":[],"class_list":{"0":"post-201","1":"product","2":"type-product","3":"status-publish","4":"has-post-thumbnail","6":"product_cat-lunaritual","7":"product_shipping_class-paket-s","9":"first","10":"instock","11":"sale","12":"shipping-taxable","13":"purchasable","14":"product-type-simple"},"_links":{"self":[{"href":"https:\/\/lunasnowdrop.de\/index.php\/wp-json\/wp\/v2\/product\/201","targetHints":{"allow":["GET"]}}],"collection":[{"href":"https:\/\/lunasnowdrop.de\/index.php\/wp-json\/wp\/v2\/product"}],"about":[{"href":"https:\/\/lunasnowdrop.de\/index.php\/wp-json\/wp\/v2\/types\/product"}],"replies":[{"embeddable":true,"href":"https:\/\/lunasnowdrop.de\/index.php\/wp-json\/wp\/v2\/comments?post=201"}],"wp:featuredmedia":[{"embeddable":true,"href":"https:\/\/lunasnowdrop.de\/index.php\/wp-json\/wp\/v2\/media\/208"}],"wp:attachment":[{"href":"https:\/\/lunasnowdrop.de\/index.php\/wp-json\/wp\/v2\/media?parent=201"}],"wp:term":[{"taxonomy":"product_brand","embeddable":true,"href":"https:\/\/lunasnowdrop.de\/index.php\/wp-json\/wp\/v2\/product_brand?post=201"},{"taxonomy":"product_cat","embeddable":true,"href":"https:\/\/lunasnowdrop.de\/index.php\/wp-json\/wp\/v2\/product_cat?post=201"},{"taxonomy":"product_tag","embeddable":true,"href":"https:\/\/lunasnowdrop.de\/index.php\/wp-json\/wp\/v2\/product_tag?post=201"}],"curies":[{"name":"wp","href":"https:\/\/api.w.org\/{rel}","templated":true}]}}