{"id":286,"date":"2026-02-04T20:59:32","date_gmt":"2026-02-04T19:59:32","guid":{"rendered":"https:\/\/lunasnowdrop.de\/?post_type=product&#038;p=286"},"modified":"2026-02-12T09:56:30","modified_gmt":"2026-02-12T08:56:30","slug":"flammenkraft-herzpause","status":"publish","type":"product","link":"https:\/\/lunasnowdrop.de\/index.php\/produkt\/flammenkraft-herzpause\/","title":{"rendered":"FlammenKraft &#8211; Herzpause"},"content":{"rendered":"<p data-start=\"1982\" data-end=\"2151\">Die Herzpause Ritualkerze ist eine Einladung, kurz innezuhalten und dich selbst wieder zu sp\u00fcren.<br data-start=\"2079\" data-end=\"2082\" \/>Ein stiller Begleiter f\u00fcr Zeiten, in denen du Ruhe und N\u00e4he brauchst.<\/p>\n<p data-start=\"2153\" data-end=\"2375\">Der Duft wirkt wie eine sanfte Umarmung:<\/p>\n<p data-start=\"2153\" data-end=\"2375\"><strong>Rosenholz<\/strong> schenkt Geborgenheit.<\/p>\n<p data-start=\"2153\" data-end=\"2375\"><strong>Jasmin<\/strong> bringt Leichtigkeit und Sinnlichkeit.<\/p>\n<p data-start=\"2153\" data-end=\"2375\"><strong>Lavendel<\/strong> gleicht aus und beruhigt.<\/p>\n<p data-start=\"2153\" data-end=\"2375\"><strong>Ylang Ylang<\/strong> legt ein warmes, blumiges Strahlen \u00fcber den Raum.<\/p>\n<p data-start=\"2377\" data-end=\"2449\">F\u00fcr Selfcare-Rituale, Atempausen oder liebevolle Momente mit dir selbst.<\/p>\n<p data-start=\"2451\" data-end=\"2550\">Gefertigt aus europ\u00e4ischem Sojawachs f\u00fcr ein ruhiges, gleichm\u00e4\u00dfiges und nahezu ru\u00dffreies Abbrennen.<\/p>\n<p data-start=\"2451\" data-end=\"2550\">Inhaltsstoffe: Sojawachs (EU-Herkunft), 1% Duft\u00f6l, Baumwolldocht<\/p>\n","protected":false},"excerpt":{"rendered":"<p>Eine vegane Ritualkerze f\u00fcr kleine Atempausen im Alltag. Warm, weich und beruhigend \u2013 f\u00fcr Momente der Selbstf\u00fcrsorge.<\/p>\n","protected":false},"featured_media":272,"comment_status":"open","ping_status":"closed","template":"","meta":[],"product_brand":[],"product_cat":[31],"product_tag":[],"class_list":{"0":"post-286","1":"product","2":"type-product","3":"status-publish","4":"has-post-thumbnail","6":"product_cat-flammenkraft","7":"product_shipping_class-paket-s","9":"first","10":"instock","11":"shipping-taxable","12":"purchasable","13":"product-type-simple"},"_links":{"self":[{"href":"https:\/\/lunasnowdrop.de\/index.php\/wp-json\/wp\/v2\/product\/286","targetHints":{"allow":["GET"]}}],"collection":[{"href":"https:\/\/lunasnowdrop.de\/index.php\/wp-json\/wp\/v2\/product"}],"about":[{"href":"https:\/\/lunasnowdrop.de\/index.php\/wp-json\/wp\/v2\/types\/product"}],"replies":[{"embeddable":true,"href":"https:\/\/lunasnowdrop.de\/index.php\/wp-json\/wp\/v2\/comments?post=286"}],"wp:featuredmedia":[{"embeddable":true,"href":"https:\/\/lunasnowdrop.de\/index.php\/wp-json\/wp\/v2\/media\/272"}],"wp:attachment":[{"href":"https:\/\/lunasnowdrop.de\/index.php\/wp-json\/wp\/v2\/media?parent=286"}],"wp:term":[{"taxonomy":"product_brand","embeddable":true,"href":"https:\/\/lunasnowdrop.de\/index.php\/wp-json\/wp\/v2\/product_brand?post=286"},{"taxonomy":"product_cat","embeddable":true,"href":"https:\/\/lunasnowdrop.de\/index.php\/wp-json\/wp\/v2\/product_cat?post=286"},{"taxonomy":"product_tag","embeddable":true,"href":"https:\/\/lunasnowdrop.de\/index.php\/wp-json\/wp\/v2\/product_tag?post=286"}],"curies":[{"name":"wp","href":"https:\/\/api.w.org\/{rel}","templated":true}]}}