{"id":287,"date":"2026-02-04T21:06:43","date_gmt":"2026-02-04T20:06:43","guid":{"rendered":"https:\/\/lunasnowdrop.de\/?post_type=product&#038;p=287"},"modified":"2026-02-12T09:57:56","modified_gmt":"2026-02-12T08:57:56","slug":"flammenkraft-abendruhe","status":"publish","type":"product","link":"https:\/\/lunasnowdrop.de\/index.php\/produkt\/flammenkraft-abendruhe\/","title":{"rendered":"FlammenKraft &#8211; Abendruhe"},"content":{"rendered":"<p data-start=\"2893\" data-end=\"3052\">Der Abend l\u00e4dt dazu ein, den Tag sanft hinter sich zu lassen.<br data-start=\"2954\" data-end=\"2957\" \/>Die Abendruhe Ritualkerze begleitet dich in diesen \u00dcbergang \u2013 ruhig, warm und tief entspannend.<\/p>\n<p data-start=\"3054\" data-end=\"3243\">Der Duft wirkt beruhigend und erdend:<\/p>\n<p data-start=\"3054\" data-end=\"3243\"><strong>Lavendel<\/strong> schenkt Ruhe.<\/p>\n<p data-start=\"3054\" data-end=\"3243\"><strong>Vetiver<\/strong> bringt Tiefe und Erdung.<\/p>\n<p data-start=\"3054\" data-end=\"3243\"><strong>Patchouli<\/strong> hilft, den Alltag loszulassen.<\/p>\n<p data-start=\"3054\" data-end=\"3243\"><strong>Zedernholz<\/strong> vermittelt Schutz und Geborgenheit.<\/p>\n<p data-start=\"3245\" data-end=\"3317\">Ideal f\u00fcr Abendrituale, Meditation oder stille Stunden vor dem Schlafen.<\/p>\n<p data-start=\"3319\" data-end=\"3418\">Gefertigt aus europ\u00e4ischem Sojawachs f\u00fcr ein ruhiges, gleichm\u00e4\u00dfiges und nahezu ru\u00dffreies Abbrennen.<\/p>\n<p data-start=\"3319\" data-end=\"3418\">Inhaltsstoffe: Sojawachs (EU-Herkunft), 1% Duft\u00f6l, Baumwolldocht<\/p>\n","protected":false},"excerpt":{"rendered":"<p>Eine handgegossene, vegane Ritualkerze f\u00fcr ruhige Abende. Erdend, entspannend und wohltuend \u2013 zum Loslassen und Ankommen.<\/p>\n","protected":false},"featured_media":260,"comment_status":"open","ping_status":"closed","template":"","meta":[],"product_brand":[],"product_cat":[31],"product_tag":[],"class_list":{"0":"post-287","1":"product","2":"type-product","3":"status-publish","4":"has-post-thumbnail","6":"product_cat-flammenkraft","7":"product_shipping_class-paket-s","9":"first","10":"instock","11":"shipping-taxable","12":"purchasable","13":"product-type-simple"},"_links":{"self":[{"href":"https:\/\/lunasnowdrop.de\/index.php\/wp-json\/wp\/v2\/product\/287","targetHints":{"allow":["GET"]}}],"collection":[{"href":"https:\/\/lunasnowdrop.de\/index.php\/wp-json\/wp\/v2\/product"}],"about":[{"href":"https:\/\/lunasnowdrop.de\/index.php\/wp-json\/wp\/v2\/types\/product"}],"replies":[{"embeddable":true,"href":"https:\/\/lunasnowdrop.de\/index.php\/wp-json\/wp\/v2\/comments?post=287"}],"wp:featuredmedia":[{"embeddable":true,"href":"https:\/\/lunasnowdrop.de\/index.php\/wp-json\/wp\/v2\/media\/260"}],"wp:attachment":[{"href":"https:\/\/lunasnowdrop.de\/index.php\/wp-json\/wp\/v2\/media?parent=287"}],"wp:term":[{"taxonomy":"product_brand","embeddable":true,"href":"https:\/\/lunasnowdrop.de\/index.php\/wp-json\/wp\/v2\/product_brand?post=287"},{"taxonomy":"product_cat","embeddable":true,"href":"https:\/\/lunasnowdrop.de\/index.php\/wp-json\/wp\/v2\/product_cat?post=287"},{"taxonomy":"product_tag","embeddable":true,"href":"https:\/\/lunasnowdrop.de\/index.php\/wp-json\/wp\/v2\/product_tag?post=287"}],"curies":[{"name":"wp","href":"https:\/\/api.w.org\/{rel}","templated":true}]}}