{"id":311,"date":"2026-02-04T21:54:40","date_gmt":"2026-02-04T20:54:40","guid":{"rendered":"https:\/\/lunasnowdrop.de\/?post_type=product&#038;p=311"},"modified":"2026-02-12T11:10:21","modified_gmt":"2026-02-12T10:10:21","slug":"duftfreie-ritual-teelichter-6er","status":"publish","type":"product","link":"https:\/\/lunasnowdrop.de\/index.php\/produkt\/duftfreie-ritual-teelichter-6er\/","title":{"rendered":"Duftfreie Ritualteelichter &#8211; 6er"},"content":{"rendered":"<p data-start=\"4333\" data-end=\"4495\">Diese duftfreien Ritual-Teelichter sind kleine Lichtbegleiter f\u00fcr zwischendurch.<br data-start=\"4413\" data-end=\"4416\" \/>Schlicht, ruhig und bewusst gefertigt \u2013 f\u00fcr Momente, in denen weniger mehr ist.<\/p>\n<p data-start=\"4497\" data-end=\"4596\">Gefertigt aus europ\u00e4ischem Sojawachs f\u00fcr ein ruhiges, gleichm\u00e4\u00dfiges und nahezu ru\u00dffreies Abbrennen.<\/p>\n<p data-start=\"4497\" data-end=\"4596\">Inhaltsstoffe: Sojawachs (EU-Herkunft), Baumwolldocht<\/p>\n","protected":false},"excerpt":{"rendered":"<p>Kleine, vegane Teelichter ohne Duft. F\u00fcr kurze Rituale, Meditation und ruhige Lichtmomente im Alltag.<\/p>\n","protected":false},"featured_media":299,"comment_status":"open","ping_status":"closed","template":"","meta":[],"product_brand":[],"product_cat":[31,32],"product_tag":[],"class_list":{"0":"post-311","1":"product","2":"type-product","3":"status-publish","4":"has-post-thumbnail","6":"product_cat-flammenkraft","7":"product_cat-flammenkraft-duftfrei","8":"product_shipping_class-paket-s","10":"first","11":"instock","12":"shipping-taxable","13":"purchasable","14":"product-type-simple"},"_links":{"self":[{"href":"https:\/\/lunasnowdrop.de\/index.php\/wp-json\/wp\/v2\/product\/311","targetHints":{"allow":["GET"]}}],"collection":[{"href":"https:\/\/lunasnowdrop.de\/index.php\/wp-json\/wp\/v2\/product"}],"about":[{"href":"https:\/\/lunasnowdrop.de\/index.php\/wp-json\/wp\/v2\/types\/product"}],"replies":[{"embeddable":true,"href":"https:\/\/lunasnowdrop.de\/index.php\/wp-json\/wp\/v2\/comments?post=311"}],"wp:featuredmedia":[{"embeddable":true,"href":"https:\/\/lunasnowdrop.de\/index.php\/wp-json\/wp\/v2\/media\/299"}],"wp:attachment":[{"href":"https:\/\/lunasnowdrop.de\/index.php\/wp-json\/wp\/v2\/media?parent=311"}],"wp:term":[{"taxonomy":"product_brand","embeddable":true,"href":"https:\/\/lunasnowdrop.de\/index.php\/wp-json\/wp\/v2\/product_brand?post=311"},{"taxonomy":"product_cat","embeddable":true,"href":"https:\/\/lunasnowdrop.de\/index.php\/wp-json\/wp\/v2\/product_cat?post=311"},{"taxonomy":"product_tag","embeddable":true,"href":"https:\/\/lunasnowdrop.de\/index.php\/wp-json\/wp\/v2\/product_tag?post=311"}],"curies":[{"name":"wp","href":"https:\/\/api.w.org\/{rel}","templated":true}]}}